{"id":514,"date":"2026-03-25T02:34:03","date_gmt":"2026-03-25T05:34:03","guid":{"rendered":"https:\/\/diariodequeimados.com.br\/?page_id=514"},"modified":"2026-03-25T02:34:03","modified_gmt":"2026-03-25T05:34:03","slug":"politica-interesse-popular","status":"publish","type":"page","link":"https:\/\/diariodequeimados.com.br\/?page_id=514","title":{"rendered":"Pol\u00edtica Interesse Popular"},"content":{"rendered":"\n<p class=\"has-medium-font-size\">Entendemos que quando o assunto \u00e9 pol\u00edtica o interesse da popula\u00e7\u00e3o \u00e9 grande e sabendo disso publicamos aqui uma colet\u00e2nea em v\u00eddeos relevantes tornando o acesso f\u00e1cil para os interessados <\/p>\n\n\n\n<p class=\"has-medium-font-size\">A remo\u00e7\u00e3o deste v\u00eddeo pode ocorre por solicita\u00e7\u00e3o do propriet\u00e1rio ou por decis\u00e3o da administra\u00e7\u00e3o do site.<\/p>\n","protected":false},"excerpt":{"rendered":"<p>&hellip; <\/p>\n","protected":false},"author":1,"featured_media":0,"parent":0,"menu_order":0,"comment_status":"closed","ping_status":"closed","template":"","meta":{"footnotes":""},"class_list":["post-514","page","type-page","status-publish","hentry"],"yoast_head":"<!-- This site is optimized with the Yoast SEO plugin v27.4 - https:\/\/yoast.com\/product\/yoast-seo-wordpress\/ -->\n<title>Pol\u00edtica Interesse Popular - Di\u00e1rio de Queimados<\/title>\n<meta name=\"robots\" content=\"index, follow, max-snippet:-1, max-image-preview:large, max-video-preview:-1\" \/>\n<link rel=\"canonical\" href=\"https:\/\/diariodequeimados.com.br\/?page_id=514\" \/>\n<meta property=\"og:locale\" content=\"pt_BR\" \/>\n<meta property=\"og:type\" content=\"article\" \/>\n<meta property=\"og:title\" content=\"Pol\u00edtica Interesse Popular - Di\u00e1rio de Queimados\" \/>\n<meta property=\"og:description\" content=\"&hellip;\" \/>\n<meta property=\"og:url\" content=\"https:\/\/diariodequeimados.com.br\/?page_id=514\" \/>\n<meta property=\"og:site_name\" content=\"Di\u00e1rio de Queimados\" \/>\n<meta property=\"article:publisher\" content=\"https:\/\/www.facebook.com\/diariodequeimados\" \/>\n<meta name=\"twitter:card\" content=\"summary_large_image\" \/>\n<script type=\"application\/ld+json\" class=\"yoast-schema-graph\">{\"@context\":\"https:\\\/\\\/schema.org\",\"@graph\":[{\"@type\":\"WebPage\",\"@id\":\"https:\\\/\\\/diariodequeimados.com.br\\\/?page_id=514\",\"url\":\"https:\\\/\\\/diariodequeimados.com.br\\\/?page_id=514\",\"name\":\"Pol\u00edtica Interesse Popular - Di\u00e1rio de Queimados\",\"isPartOf\":{\"@id\":\"https:\\\/\\\/diariodequeimados.com.br\\\/#website\"},\"datePublished\":\"2026-03-25T05:34:03+00:00\",\"breadcrumb\":{\"@id\":\"https:\\\/\\\/diariodequeimados.com.br\\\/?page_id=514#breadcrumb\"},\"inLanguage\":\"pt-BR\",\"potentialAction\":[{\"@type\":\"ReadAction\",\"target\":[\"https:\\\/\\\/diariodequeimados.com.br\\\/?page_id=514\"]}]},{\"@type\":\"BreadcrumbList\",\"@id\":\"https:\\\/\\\/diariodequeimados.com.br\\\/?page_id=514#breadcrumb\",\"itemListElement\":[{\"@type\":\"ListItem\",\"position\":1,\"name\":\"In\u00edcio\",\"item\":\"https:\\\/\\\/diariodequeimados.com.br\\\/\"},{\"@type\":\"ListItem\",\"position\":2,\"name\":\"Pol\u00edtica Interesse Popular\"}]},{\"@type\":\"WebSite\",\"@id\":\"https:\\\/\\\/diariodequeimados.com.br\\\/#website\",\"url\":\"https:\\\/\\\/diariodequeimados.com.br\\\/\",\"name\":\"Di\u00e1rio de Queimados\",\"description\":\"Di\u00e1rio de Queimados Nas Redes Sociais\",\"publisher\":{\"@id\":\"https:\\\/\\\/diariodequeimados.com.br\\\/#organization\"},\"potentialAction\":[{\"@type\":\"SearchAction\",\"target\":{\"@type\":\"EntryPoint\",\"urlTemplate\":\"https:\\\/\\\/diariodequeimados.com.br\\\/?s={search_term_string}\"},\"query-input\":{\"@type\":\"PropertyValueSpecification\",\"valueRequired\":true,\"valueName\":\"search_term_string\"}}],\"inLanguage\":\"pt-BR\"},{\"@type\":\"Organization\",\"@id\":\"https:\\\/\\\/diariodequeimados.com.br\\\/#organization\",\"name\":\"Queimados Em Foco\",\"url\":\"https:\\\/\\\/diariodequeimados.com.br\\\/\",\"logo\":{\"@type\":\"ImageObject\",\"inLanguage\":\"pt-BR\",\"@id\":\"https:\\\/\\\/diariodequeimados.com.br\\\/#\\\/schema\\\/logo\\\/image\\\/\",\"url\":\"https:\\\/\\\/diariodequeimados.com.br\\\/wp-content\\\/uploads\\\/2026\\\/03\\\/logo-512.png\",\"contentUrl\":\"https:\\\/\\\/diariodequeimados.com.br\\\/wp-content\\\/uploads\\\/2026\\\/03\\\/logo-512.png\",\"width\":512,\"height\":512,\"caption\":\"Queimados Em Foco\"},\"image\":{\"@id\":\"https:\\\/\\\/diariodequeimados.com.br\\\/#\\\/schema\\\/logo\\\/image\\\/\"},\"sameAs\":[\"https:\\\/\\\/www.facebook.com\\\/diariodequeimados\"]}]}<\/script>\n<!-- \/ Yoast SEO plugin. -->","yoast_head_json":{"title":"Pol\u00edtica Interesse Popular - Di\u00e1rio de Queimados","robots":{"index":"index","follow":"follow","max-snippet":"max-snippet:-1","max-image-preview":"max-image-preview:large","max-video-preview":"max-video-preview:-1"},"canonical":"https:\/\/diariodequeimados.com.br\/?page_id=514","og_locale":"pt_BR","og_type":"article","og_title":"Pol\u00edtica Interesse Popular - Di\u00e1rio de Queimados","og_description":"&hellip;","og_url":"https:\/\/diariodequeimados.com.br\/?page_id=514","og_site_name":"Di\u00e1rio de Queimados","article_publisher":"https:\/\/www.facebook.com\/diariodequeimados","twitter_card":"summary_large_image","schema":{"@context":"https:\/\/schema.org","@graph":[{"@type":"WebPage","@id":"https:\/\/diariodequeimados.com.br\/?page_id=514","url":"https:\/\/diariodequeimados.com.br\/?page_id=514","name":"Pol\u00edtica Interesse Popular - Di\u00e1rio de Queimados","isPartOf":{"@id":"https:\/\/diariodequeimados.com.br\/#website"},"datePublished":"2026-03-25T05:34:03+00:00","breadcrumb":{"@id":"https:\/\/diariodequeimados.com.br\/?page_id=514#breadcrumb"},"inLanguage":"pt-BR","potentialAction":[{"@type":"ReadAction","target":["https:\/\/diariodequeimados.com.br\/?page_id=514"]}]},{"@type":"BreadcrumbList","@id":"https:\/\/diariodequeimados.com.br\/?page_id=514#breadcrumb","itemListElement":[{"@type":"ListItem","position":1,"name":"In\u00edcio","item":"https:\/\/diariodequeimados.com.br\/"},{"@type":"ListItem","position":2,"name":"Pol\u00edtica Interesse Popular"}]},{"@type":"WebSite","@id":"https:\/\/diariodequeimados.com.br\/#website","url":"https:\/\/diariodequeimados.com.br\/","name":"Di\u00e1rio de Queimados","description":"Di\u00e1rio de Queimados Nas Redes Sociais","publisher":{"@id":"https:\/\/diariodequeimados.com.br\/#organization"},"potentialAction":[{"@type":"SearchAction","target":{"@type":"EntryPoint","urlTemplate":"https:\/\/diariodequeimados.com.br\/?s={search_term_string}"},"query-input":{"@type":"PropertyValueSpecification","valueRequired":true,"valueName":"search_term_string"}}],"inLanguage":"pt-BR"},{"@type":"Organization","@id":"https:\/\/diariodequeimados.com.br\/#organization","name":"Queimados Em Foco","url":"https:\/\/diariodequeimados.com.br\/","logo":{"@type":"ImageObject","inLanguage":"pt-BR","@id":"https:\/\/diariodequeimados.com.br\/#\/schema\/logo\/image\/","url":"https:\/\/diariodequeimados.com.br\/wp-content\/uploads\/2026\/03\/logo-512.png","contentUrl":"https:\/\/diariodequeimados.com.br\/wp-content\/uploads\/2026\/03\/logo-512.png","width":512,"height":512,"caption":"Queimados Em Foco"},"image":{"@id":"https:\/\/diariodequeimados.com.br\/#\/schema\/logo\/image\/"},"sameAs":["https:\/\/www.facebook.com\/diariodequeimados"]}]}},"_links":{"self":[{"href":"https:\/\/diariodequeimados.com.br\/index.php?rest_route=\/wp\/v2\/pages\/514","targetHints":{"allow":["GET"]}}],"collection":[{"href":"https:\/\/diariodequeimados.com.br\/index.php?rest_route=\/wp\/v2\/pages"}],"about":[{"href":"https:\/\/diariodequeimados.com.br\/index.php?rest_route=\/wp\/v2\/types\/page"}],"author":[{"embeddable":true,"href":"https:\/\/diariodequeimados.com.br\/index.php?rest_route=\/wp\/v2\/users\/1"}],"replies":[{"embeddable":true,"href":"https:\/\/diariodequeimados.com.br\/index.php?rest_route=%2Fwp%2Fv2%2Fcomments&post=514"}],"version-history":[{"count":1,"href":"https:\/\/diariodequeimados.com.br\/index.php?rest_route=\/wp\/v2\/pages\/514\/revisions"}],"predecessor-version":[{"id":515,"href":"https:\/\/diariodequeimados.com.br\/index.php?rest_route=\/wp\/v2\/pages\/514\/revisions\/515"}],"wp:attachment":[{"href":"https:\/\/diariodequeimados.com.br\/index.php?rest_route=%2Fwp%2Fv2%2Fmedia&parent=514"}],"curies":[{"name":"wp","href":"https:\/\/api.w.org\/{rel}","templated":true}]}}