{"id":365,"date":"2026-03-23T09:18:18","date_gmt":"2026-03-23T12:18:18","guid":{"rendered":"https:\/\/diariodequeimados.com.br\/?page_id=365"},"modified":"2026-03-29T18:14:31","modified_gmt":"2026-03-29T21:14:31","slug":"sobre-o-site","status":"publish","type":"page","link":"https:\/\/diariodequeimados.com.br\/?page_id=365","title":{"rendered":"Sobre o site"},"content":{"rendered":"\n<p>Di\u00e1rio de Queimados \u00e9 um projeto iniciado em 2020 que, ap\u00f3s amadurecimento e planejamento, come\u00e7ou a ser colocado em pr\u00e1tica no in\u00edcio de 2026.<\/p>\n\n\n\n<p>Principal objetivo, REUNIR LINK DE PUBLICA\u00c7\u00d5ES sobre assuntos relevantes da cidade, para consultas futuras sobre fatos ocorridos, curtidas e coment\u00e1rios no Queimados Em Foco, na p\u00e1gia\/perfil de parceiros ou de terceiros.<\/p>\n\n\n\n<p class=\"has-vivid-cyan-blue-color has-text-color has-link-color wp-elements-b9621b3634317d94fcad6b5b7016e097\">Principal alimentador de links do site <\/p>\n\n\n\n<p>Tem como principal base de alimenta\u00e7\u00e3o a p\u00e1gina Queimados Em Foco, por\u00e9m poder\u00e1 incluir a pedido ou de interesse da maioria, publica\u00e7\u00f5es de terceiros.<\/p>\n\n\n\n<p class=\"has-vivid-cyan-blue-color has-text-color has-link-color wp-elements-c471d468163fa67f687189a5e1e829d6\">Sobre os links publicados<\/p>\n\n\n\n<p class=\"has-text-color has-link-color wp-elements-92efbe0fcc7feb4ea20e6c03b66701d2\" style=\"color:#fe6363\">N\u00e3o ser\u00e1 publicado links de publica\u00e7\u00f5es pessoais que n\u00e3o seja de interesse p\u00fablico.<\/p>\n\n\n\n<p class=\"has-vivid-cyan-blue-color has-text-color has-link-color wp-elements-179646fae6bd5f6ff64b926daba7bae1\">Sobre Envio para publica\u00e7\u00e3o de link<\/p>\n\n\n\n<p class=\"has-black-color has-text-color has-link-color wp-elements-3ca47d8a3b9cf1fa53f02cc061f23bac\"> Interessado podem enviar links pra ser publicado atrav\u00e9s do whatsapp <a href=\"https:\/\/wa.me\/5521990679937\">21 99067-9937 <\/a><\/p>\n\n\n\n<p class=\"has-vivid-cyan-blue-color has-text-color has-link-color wp-elements-4c789b3074dbc94cabc056e0379237b8\">Direitos reservados<\/p>\n\n\n\n<p>Os administradores do site se reservam no direito em remover publica\u00e7\u00f5es de links a qualquer momento sem aviso pr\u00e9vio dos solicitantes da p\u00fablica\u00e7\u00e3o.<\/p>\n\n\n\n<p class=\"has-vivid-cyan-blue-color has-text-color has-link-color wp-elements-8824b0a2938380a4605c540fc00390b9\">Parceiros<\/p>\n\n\n\n<p>Parceiros que produzem conte\u00fados e que enviam links tem a vantagem de inserir publicidade em suas divulga\u00e7\u00f5es no Di\u00e1rio de Queimados<\/p>\n\n\n\n<p class=\"has-vivid-cyan-blue-color has-text-color has-link-color wp-elements-ace82aafe7b136b3eb84087e360d2df9\">Publicidade<\/p>\n\n\n\n<p>Publicidade no site, saiba mais em nosso atendimento<\/p>\n","protected":false},"excerpt":{"rendered":"<p>&hellip; <\/p>\n","protected":false},"author":1,"featured_media":0,"parent":0,"menu_order":0,"comment_status":"closed","ping_status":"closed","template":"","meta":{"footnotes":""},"class_list":["post-365","page","type-page","status-publish","hentry"],"yoast_head":"<!-- This site is optimized with the Yoast SEO plugin v27.4 - https:\/\/yoast.com\/product\/yoast-seo-wordpress\/ -->\n<title>Sobre o site - Di\u00e1rio de Queimados<\/title>\n<meta name=\"robots\" content=\"index, follow, max-snippet:-1, max-image-preview:large, max-video-preview:-1\" \/>\n<link rel=\"canonical\" href=\"https:\/\/diariodequeimados.com.br\/?page_id=365\" \/>\n<meta property=\"og:locale\" content=\"pt_BR\" \/>\n<meta property=\"og:type\" content=\"article\" \/>\n<meta property=\"og:title\" content=\"Sobre o site - Di\u00e1rio de Queimados\" \/>\n<meta property=\"og:description\" content=\"&hellip;\" \/>\n<meta property=\"og:url\" content=\"https:\/\/diariodequeimados.com.br\/?page_id=365\" \/>\n<meta property=\"og:site_name\" content=\"Di\u00e1rio de Queimados\" \/>\n<meta property=\"article:publisher\" content=\"https:\/\/www.facebook.com\/diariodequeimados\" \/>\n<meta property=\"article:modified_time\" content=\"2026-03-29T21:14:31+00:00\" \/>\n<meta name=\"twitter:card\" content=\"summary_large_image\" \/>\n<meta name=\"twitter:label1\" content=\"Est. tempo de leitura\" \/>\n\t<meta name=\"twitter:data1\" content=\"1 minuto\" \/>\n<script type=\"application\/ld+json\" class=\"yoast-schema-graph\">{\"@context\":\"https:\\\/\\\/schema.org\",\"@graph\":[{\"@type\":\"WebPage\",\"@id\":\"https:\\\/\\\/diariodequeimados.com.br\\\/?page_id=365\",\"url\":\"https:\\\/\\\/diariodequeimados.com.br\\\/?page_id=365\",\"name\":\"Sobre o site - Di\u00e1rio de Queimados\",\"isPartOf\":{\"@id\":\"https:\\\/\\\/diariodequeimados.com.br\\\/#website\"},\"datePublished\":\"2026-03-23T12:18:18+00:00\",\"dateModified\":\"2026-03-29T21:14:31+00:00\",\"breadcrumb\":{\"@id\":\"https:\\\/\\\/diariodequeimados.com.br\\\/?page_id=365#breadcrumb\"},\"inLanguage\":\"pt-BR\",\"potentialAction\":[{\"@type\":\"ReadAction\",\"target\":[\"https:\\\/\\\/diariodequeimados.com.br\\\/?page_id=365\"]}]},{\"@type\":\"BreadcrumbList\",\"@id\":\"https:\\\/\\\/diariodequeimados.com.br\\\/?page_id=365#breadcrumb\",\"itemListElement\":[{\"@type\":\"ListItem\",\"position\":1,\"name\":\"In\u00edcio\",\"item\":\"https:\\\/\\\/diariodequeimados.com.br\\\/\"},{\"@type\":\"ListItem\",\"position\":2,\"name\":\"Sobre o site\"}]},{\"@type\":\"WebSite\",\"@id\":\"https:\\\/\\\/diariodequeimados.com.br\\\/#website\",\"url\":\"https:\\\/\\\/diariodequeimados.com.br\\\/\",\"name\":\"Di\u00e1rio de Queimados\",\"description\":\"Di\u00e1rio de Queimados Nas Redes Sociais\",\"publisher\":{\"@id\":\"https:\\\/\\\/diariodequeimados.com.br\\\/#organization\"},\"potentialAction\":[{\"@type\":\"SearchAction\",\"target\":{\"@type\":\"EntryPoint\",\"urlTemplate\":\"https:\\\/\\\/diariodequeimados.com.br\\\/?s={search_term_string}\"},\"query-input\":{\"@type\":\"PropertyValueSpecification\",\"valueRequired\":true,\"valueName\":\"search_term_string\"}}],\"inLanguage\":\"pt-BR\"},{\"@type\":\"Organization\",\"@id\":\"https:\\\/\\\/diariodequeimados.com.br\\\/#organization\",\"name\":\"Queimados Em Foco\",\"url\":\"https:\\\/\\\/diariodequeimados.com.br\\\/\",\"logo\":{\"@type\":\"ImageObject\",\"inLanguage\":\"pt-BR\",\"@id\":\"https:\\\/\\\/diariodequeimados.com.br\\\/#\\\/schema\\\/logo\\\/image\\\/\",\"url\":\"https:\\\/\\\/diariodequeimados.com.br\\\/wp-content\\\/uploads\\\/2026\\\/03\\\/logo-512.png\",\"contentUrl\":\"https:\\\/\\\/diariodequeimados.com.br\\\/wp-content\\\/uploads\\\/2026\\\/03\\\/logo-512.png\",\"width\":512,\"height\":512,\"caption\":\"Queimados Em Foco\"},\"image\":{\"@id\":\"https:\\\/\\\/diariodequeimados.com.br\\\/#\\\/schema\\\/logo\\\/image\\\/\"},\"sameAs\":[\"https:\\\/\\\/www.facebook.com\\\/diariodequeimados\"]}]}<\/script>\n<!-- \/ Yoast SEO plugin. -->","yoast_head_json":{"title":"Sobre o site - Di\u00e1rio de Queimados","robots":{"index":"index","follow":"follow","max-snippet":"max-snippet:-1","max-image-preview":"max-image-preview:large","max-video-preview":"max-video-preview:-1"},"canonical":"https:\/\/diariodequeimados.com.br\/?page_id=365","og_locale":"pt_BR","og_type":"article","og_title":"Sobre o site - Di\u00e1rio de Queimados","og_description":"&hellip;","og_url":"https:\/\/diariodequeimados.com.br\/?page_id=365","og_site_name":"Di\u00e1rio de Queimados","article_publisher":"https:\/\/www.facebook.com\/diariodequeimados","article_modified_time":"2026-03-29T21:14:31+00:00","twitter_card":"summary_large_image","twitter_misc":{"Est. tempo de leitura":"1 minuto"},"schema":{"@context":"https:\/\/schema.org","@graph":[{"@type":"WebPage","@id":"https:\/\/diariodequeimados.com.br\/?page_id=365","url":"https:\/\/diariodequeimados.com.br\/?page_id=365","name":"Sobre o site - Di\u00e1rio de Queimados","isPartOf":{"@id":"https:\/\/diariodequeimados.com.br\/#website"},"datePublished":"2026-03-23T12:18:18+00:00","dateModified":"2026-03-29T21:14:31+00:00","breadcrumb":{"@id":"https:\/\/diariodequeimados.com.br\/?page_id=365#breadcrumb"},"inLanguage":"pt-BR","potentialAction":[{"@type":"ReadAction","target":["https:\/\/diariodequeimados.com.br\/?page_id=365"]}]},{"@type":"BreadcrumbList","@id":"https:\/\/diariodequeimados.com.br\/?page_id=365#breadcrumb","itemListElement":[{"@type":"ListItem","position":1,"name":"In\u00edcio","item":"https:\/\/diariodequeimados.com.br\/"},{"@type":"ListItem","position":2,"name":"Sobre o site"}]},{"@type":"WebSite","@id":"https:\/\/diariodequeimados.com.br\/#website","url":"https:\/\/diariodequeimados.com.br\/","name":"Di\u00e1rio de Queimados","description":"Di\u00e1rio de Queimados Nas Redes Sociais","publisher":{"@id":"https:\/\/diariodequeimados.com.br\/#organization"},"potentialAction":[{"@type":"SearchAction","target":{"@type":"EntryPoint","urlTemplate":"https:\/\/diariodequeimados.com.br\/?s={search_term_string}"},"query-input":{"@type":"PropertyValueSpecification","valueRequired":true,"valueName":"search_term_string"}}],"inLanguage":"pt-BR"},{"@type":"Organization","@id":"https:\/\/diariodequeimados.com.br\/#organization","name":"Queimados Em Foco","url":"https:\/\/diariodequeimados.com.br\/","logo":{"@type":"ImageObject","inLanguage":"pt-BR","@id":"https:\/\/diariodequeimados.com.br\/#\/schema\/logo\/image\/","url":"https:\/\/diariodequeimados.com.br\/wp-content\/uploads\/2026\/03\/logo-512.png","contentUrl":"https:\/\/diariodequeimados.com.br\/wp-content\/uploads\/2026\/03\/logo-512.png","width":512,"height":512,"caption":"Queimados Em Foco"},"image":{"@id":"https:\/\/diariodequeimados.com.br\/#\/schema\/logo\/image\/"},"sameAs":["https:\/\/www.facebook.com\/diariodequeimados"]}]}},"_links":{"self":[{"href":"https:\/\/diariodequeimados.com.br\/index.php?rest_route=\/wp\/v2\/pages\/365","targetHints":{"allow":["GET"]}}],"collection":[{"href":"https:\/\/diariodequeimados.com.br\/index.php?rest_route=\/wp\/v2\/pages"}],"about":[{"href":"https:\/\/diariodequeimados.com.br\/index.php?rest_route=\/wp\/v2\/types\/page"}],"author":[{"embeddable":true,"href":"https:\/\/diariodequeimados.com.br\/index.php?rest_route=\/wp\/v2\/users\/1"}],"replies":[{"embeddable":true,"href":"https:\/\/diariodequeimados.com.br\/index.php?rest_route=%2Fwp%2Fv2%2Fcomments&post=365"}],"version-history":[{"count":2,"href":"https:\/\/diariodequeimados.com.br\/index.php?rest_route=\/wp\/v2\/pages\/365\/revisions"}],"predecessor-version":[{"id":1162,"href":"https:\/\/diariodequeimados.com.br\/index.php?rest_route=\/wp\/v2\/pages\/365\/revisions\/1162"}],"wp:attachment":[{"href":"https:\/\/diariodequeimados.com.br\/index.php?rest_route=%2Fwp%2Fv2%2Fmedia&parent=365"}],"curies":[{"name":"wp","href":"https:\/\/api.w.org\/{rel}","templated":true}]}}